{"id":4279,"date":"2020-07-27T12:29:28","date_gmt":"2020-07-27T15:29:28","guid":{"rendered":"https:\/\/renovaseguros.com.br\/seguros-suhai\/ribeirao-preto-sp\/"},"modified":"2020-07-27T12:29:28","modified_gmt":"2020-07-27T15:29:28","slug":"ribeirao-preto-sp","status":"publish","type":"page","link":"https:\/\/renovaseguros.com.br\/seguros-suhai\/ribeirao-preto-sp\/","title":{"rendered":"Ribeir\u00e3o Preto (SP)"},"content":{"rendered":"\t<div id=\"gap-1539121514\" class=\"gap-element clearfix\" style=\"display:block; height:auto;\">\n\t\t\n<style>\n#gap-1539121514 {\n  padding-top: 43px;\n}\n<\/style>\n\t<\/div>\n\t\n\n<div class=\"row\"  id=\"row-468271208\">\n\n\n\t<div id=\"col-1032296706\" class=\"col medium-7 small-12 large-7\"  >\n\t\t<div class=\"col-inner\"  >\n\t\t\t\n\t\t\t\n\n<h1><span class=\"uppercase\" style=\"font-weight: 400;\">SEGUROS SUHAI Ribeir\u00e3o Preto (SP)<\/span><\/h1>\n<p>Procurando um seguro para seu carro, caminh\u00e3o, moto ou frota, mas n\u00e3o consegue aceita\u00e7\u00e3o nas seguradoras por conta da idade ou modelo do ve\u00edculo, ou o seguro ficou muito caro? N\u00f3s da Renova Seguros podemos te ajudar!<\/p>\n<p>Os seguros da <strong>Suhai <\/strong><span style=\"font-weight: 400;\"><strong>Ribeir\u00e3o Preto (SP) <\/strong><\/span>foram criados especialmente para voc\u00ea. Oferecem amplas coberturas e servi\u00e7os exclusivos, proporcionando tranquilidade e seguran\u00e7a para o seu dia a dia, al\u00e9m de um cuidado especial com seu ve\u00edculo.<\/p>\n<p>Fale hoje mesmo com um <strong>Corretor Suhai em Ribeir\u00e3o Preto (SP) <\/strong>para saber o pre\u00e7o do seguro para o seu ve\u00edculo. Fa\u00e7a uma cota\u00e7\u00e3o online em poucos instantes, ou ligue para um de nossos n\u00fameros para ser atendido por um especialista.<\/p>\n<h2><strong>Coberturas Suhai Seguradora<\/strong><\/h2>\n<p>S\u00f3 na Suhai voc\u00ea encontra o melhor seguro para seu ve\u00edculo com at\u00e9 80% de economia! Escolha entre diversos pacotes de coberturas e proteja seu ve\u00edculo gastando pouco. A cobertura de Roubo e Furto \u00e9 de contrata\u00e7\u00e3o obrigat\u00f3ria, as de Perda Total por colis\u00e3o\/danos ao ve\u00edculo e a cobertura de terceiros podem ser contratadas adicionalmente.<\/p>\n<ul>\n<li>Roubo ou furto + Assist\u00eancia 24h<\/li>\n<li>Roubo ou furto + Assist\u00eancia 24h + Perda total por colis\u00e3o\/danos ao ve\u00edculo<\/li>\n<li>Roubo ou furto + Assist\u00eancia 24h + Perda total por colis\u00e3o\/danos ao ve\u00edculo + Cobertura de terceiros<\/li>\n<\/ul>\n<h3><strong>Seguro de Roubo e Furto<\/strong><\/h3>\n<p>A cobertura de Roubo e Furto cobre sinistros que envolvam o roubo ou furto do ve\u00edculo segurado. Essa \u00e9 a cobertura b\u00e1sica da Suhai e ela garante indeniza\u00e7\u00e3o pela tabela FIPE contratada caso seu ve\u00edculo n\u00e3o seja recuperado.<\/p>\n<p>Essa cobertura pode ser contratada juntamente com as coberturas de Perda Total por Colis\u00e3o\/Danos e\/ou com o Seguro de Responsabilidade Civil Facultativa \u2013 RCF-V (cobertura de terceiros que voc\u00ea ir\u00e1 conhecer a seguir.<\/p>\n<h3><strong>Seguro de Perda Total por Colis\u00e3o\/Danos \u2013 PT<\/strong><\/h3>\n<p>A cobertura de Perda Total por Colis\u00e3o\/Danos ao Ve\u00edculo pode ser contratada para todos os ve\u00edculos aceitos pela Suhai Seguradora, sejam eles carros, motos, caminh\u00f5es ou utilit\u00e1rios, e independente da marca, modelo e ano de fabrica\u00e7\u00e3o.<\/p>\n<p>Uma vez contratada, essa cobertura garante indeniza\u00e7\u00e3o quando os custos de reparo forem maiores ou igual a 75% do valor contratado na ap\u00f3lice. Os danos podem ser causados por colis\u00e3o, inc\u00eandio, alagamento ou outras causas externas. Como o nome diz, a cobertura \u00e9 v\u00e1lida apenas em caso de perda total e n\u00e3o \u00e9 v\u00e1lida para consertos \u201csimples\u201d decorrentes de batidas, arranhados ou amassados na latoaria.<\/p>\n<h3><strong>Cobertura de Terceiros<\/strong><\/h3>\n<p>A cobertura de Responsabilidade Civil Facultativa Ve\u00edcular (RCF-V), tamb\u00e9m conhecida com o cobertura para terceiros, cobre danos materiais, morais e\/ou corporais decorrentes de sinistro causados pelo ve\u00edculo segurado e que envolvam outras pessoas que estejam fora do ve\u00edculo segurado.<\/p>\n<p>Confira a diferen\u00e7a entre cada uma delas:<\/p>\n<ul>\n<li>RCF \u2013 Danos Materiais: Essa cobertura visa pagar as despesas provenientes de reparos, reposi\u00e7\u00f5es e at\u00e9 mesmo gastos com advogados (respeitando o limite de contrata\u00e7\u00e3o) dos danos causados em caso de sinistro envolvendo seu ve\u00edculo.<\/li>\n<li>RCF \u2013 Danos Corporais: Em caso de acidente que machuque outras pessoas e voc\u00ea tenha que se responsabilizar por despesas m\u00e9dicas e hospitalares, fique tranquilo! A Suhai ir\u00e1 cobrir os custos, respeitando os limites de contrata\u00e7\u00e3o.<\/li>\n<li>RCF \u2013 Danos Morais: Essa cobertura serve para cobrir poss\u00edveis indeniza\u00e7\u00f5es caso seja comprovado que voc\u00ea, de alguma forma, tenha insultado outra pessoa durante um acidente.<\/li>\n<\/ul>\n<h3><span style=\"font-weight: 400;\">DIFERENCIAIS<\/span><\/h3>\n<ul>\n<li><strong>Especialista em Roubo e Furto<\/strong><\/li>\n<li><strong>Ampla aceita\u00e7\u00e3o\u00a0<\/strong>de autom\u00f3veis de todas as marcas, modelos e anos<\/li>\n<li><strong>Sem burocracia e com perfil simplificado:\u00a0<\/strong>A Suhai Seguros possui um perfil simplificado, sem question\u00e1rios intermin\u00e1veis para responder. Isso proporciona muito mais agilidade na contrata\u00e7\u00e3o do seu seguro<\/li>\n<li><strong>Excelente custo x benef\u00edcio: <\/strong>At\u00e9 80% de economia na contrata\u00e7\u00e3o do seguro exclusivo contra Furto e Roubo em rela\u00e7\u00e3o ao custo de um seguro completo.<\/li>\n<li><strong>Excel\u00eancia em atendimento ao cliente: <\/strong>Criar rela\u00e7\u00f5es de respeito, cordialidade e responsabilidade com seus clientes faz parte da Suhai. A excel\u00eancia no atendimento proporcionou o selo RA1000 (per\u00edodo de 01\/12\/2016 a 31\/05\/2017) no ReclameAqui\u00ae<\/li>\n<li><strong>Sem franquia: <\/strong>Como o seguro possui cobertura exclusiva de Furto e Roubo, n\u00e3o h\u00e1 cobran\u00e7a de franquia num eventual sinistro.<\/li>\n<li><strong>Cobertura de perda total <\/strong>(opcional ao Seguro de Furto e Roubo)<\/li>\n<li><strong>Garantia de Indeniza\u00e7\u00e3o:\u00a0<\/strong>Em caso de roubo\/furto sem recupera\u00e7\u00e3o do ve\u00edculo, voc\u00ea ser\u00e1 indenizado em 100% do valor segundo a tabela FIPE.<\/li>\n<li>Benef\u00edcios em todo territ\u00f3rio nacional para viajar com tranquilidade.<\/li>\n<\/ul>\n<h3>ASSIST\u00caNCIA 24 HORAS EM TODO O BRASIL<\/h3>\n<ul>\n<li><strong>Chaveiro:<\/strong>\u00a0No caso de impossibilidade ou perda da chave do ve\u00edculo, a Suhai enviar\u00e1 um chaveiro para te ajudar.<\/li>\n<li><strong>Reboque\/guincho:<\/strong>\u00a0Seja por pane ou avaria\/acidente, onde n\u00e3o seja poss\u00edvel reparar o ve\u00edculo no local, a Central de Assist\u00eancia providenciar\u00e1 o reboque do seu ve\u00edculo para a oficina mais pr\u00f3xima da regi\u00e3o.<\/li>\n<li><strong>Transporte Domiciliar:<\/strong>\u00a0Caso seu ve\u00edculo venha ser roubada ou furtada, a Central de Assist\u00eancia providenciar\u00e1 o transporte do motorista e de seus ocupantes at\u00e9 o local de escolha do cliente.<\/li>\n<li><strong>Troca de pneus:\u00a0<\/strong>Em caso de pneu furado, ser\u00e1 providenciado o deslocamento de um prestador de servi\u00e7o que ir\u00e1 lhe ajudar na troca do pneu do autom\u00f3vel. Em caso de impossibilidade deste servi\u00e7o, ser\u00e1 fornecido o reboque do ve\u00edculo para a oficina mais pr\u00f3xima da regi\u00e3o.<\/li>\n<li><strong>Aux\u00edlio na falta de combust\u00edvel do ve\u00edculo<\/strong><\/li>\n<li><strong>Socorro el\u00e9trico mec\u00e2nico<\/strong><\/li>\n<\/ul>\n<div class=\"row\"  id=\"row-522898971\">\n\n\n\t<div id=\"col-569920932\" class=\"col small-12 large-12\"  >\n\t\t<div class=\"col-inner\"  >\n\t\t\t\n\t\t\t\n\n\t<div id=\"gap-1219787189\" class=\"gap-element clearfix\" style=\"display:block; height:auto;\">\n\t\t\n<style>\n#gap-1219787189 {\n  padding-top: 30px;\n}\n<\/style>\n\t<\/div>\n\t\n\n<h3>SEGUROS DE CARRO<\/h3>\n<p>A Suhai oferece diversas op\u00e7\u00f5es de seguros que combinam com o seu estilo de vida e suas necessidades. Voc\u00ea pode contar com a gente para proteger e cuidar do seu patrim\u00f4nio. Aqui voc\u00ea encontra coberturas completas e uma ampla rede de servi\u00e7os para simplificar o seu dia a dia. Esse \u00e9 um seguro de carro com o qual voc\u00ea pode contar.<\/p>\n<p>Alguns exemplos de fabricantes aceitas:<\/p>\n<div class=\"row row-small\"  id=\"row-1928854542\">\n\n\n\t<div id=\"col-1570037192\" class=\"col medium-4 small-12 large-4\"  >\n\t\t<div class=\"col-inner\"  >\n\t\t\t\n\t\t\t\n\n<ul>\n<li><strong>Acura<\/strong><\/li>\n<li><strong>Agrale\u00a0<\/strong><\/li>\n<li><strong>Alfa Romeu<\/strong><\/li>\n<li><strong>Audi<\/strong><\/li>\n<li><strong>BMW<\/strong><\/li>\n<li><strong>Cadillac<\/strong><\/li>\n<li><strong>Chery<\/strong><\/li>\n<li><strong>Citro\u00ebn<\/strong><\/li>\n<li><strong>Chrysler<\/strong><\/li>\n<li><strong>Daewoo<\/strong><\/li>\n<li><strong>Dodge<\/strong><\/li>\n<\/ul>\n\n\t\t<\/div>\n\t\t\t<\/div>\n\n\t\n\n\t<div id=\"col-745648440\" class=\"col medium-4 small-12 large-4\"  >\n\t\t<div class=\"col-inner\"  >\n\t\t\t\n\t\t\t\n\n<ul>\n<li><strong>Fiat<\/strong><\/li>\n<li><strong>Ford<\/strong><\/li>\n<li><strong>GM<\/strong><\/li>\n<li><strong>Chevrolet<\/strong><\/li>\n<li><strong>Kia Motors<\/strong><\/li>\n<li><strong>Land Rover<\/strong><\/li>\n<li><strong>Mazda<\/strong><\/li>\n<li><strong>Mercedes-Benz<\/strong><\/li>\n<li><strong>Mitsubishi<\/strong><\/li>\n<li><strong>Nissan<\/strong><\/li>\n<li><strong>Saab<\/strong><\/li>\n<\/ul>\n\n\t\t<\/div>\n\t\t\t<\/div>\n\n\t\n\n\t<div id=\"col-2060033438\" class=\"col medium-4 small-12 large-4\"  >\n\t\t<div class=\"col-inner\"  >\n\t\t\t\n\t\t\t\n\n<ul>\n<li><strong>Subaru<\/strong><\/li>\n<li><strong>Suzuki<\/strong><\/li>\n<li><strong>TAC<\/strong><\/li>\n<li><strong>Toyota<\/strong><\/li>\n<li><strong>Troller<\/strong><\/li>\n<li><strong>Volvo<\/strong><\/li>\n<li><strong>Volkswagen<\/strong><\/li>\n<li><strong>Seat<\/strong><\/li>\n<li><strong>Renault<\/strong><\/li>\n<li><strong>Peugeot<\/strong><\/li>\n<li>e muito mais!<\/li>\n<\/ul>\n\n\t\t<\/div>\n\t\t\t<\/div>\n\n\t\n\n<\/div>\n\n\t\t<\/div>\n\t\t\t<\/div>\n\n\t\n\n<\/div>\n<div class=\"row\"  id=\"row-874744471\">\n\n\n\t<div id=\"col-1169935513\" class=\"col small-12 large-12\"  >\n\t\t<div class=\"col-inner\"  >\n\t\t\t\n\t\t\t\n\n<h3>SEGUROS DE CAMINH\u00c3O<\/h3>\n<p>Pensado exclusivamente para caminhoneiros e donos de transportadoras, o Suhai Seguro Caminh\u00e3o \u00e9 o seguro perfeito para proteger quem leva a vida na estrada e seu ve\u00edculo. Praticidade no dia a dia e seguran\u00e7a em cada quil\u00f4metro!<\/p>\n<p>Alguns exemplos de fabricantes aceitas:<\/p>\n<div class=\"row row-small\"  id=\"row-1828537303\">\n\n\n\t<div id=\"col-2066673408\" class=\"col medium-4 small-12 large-4\"  >\n\t\t<div class=\"col-inner\"  >\n\t\t\t\n\t\t\t\n\n<ul>\n<li><strong>Volvo<\/strong><\/li>\n<li><strong>Scania<\/strong><\/li>\n<li><strong>Mercedes-Benz<\/strong><\/li>\n<li><strong>Chevrolet<\/strong><\/li>\n<li><strong>Dodge<\/strong><\/li>\n<li><strong>Ford<\/strong><\/li>\n<li><strong>Volkswagen<\/strong><\/li>\n<li><strong>GMC<\/strong><\/li>\n<\/ul>\n\n\t\t<\/div>\n\t\t\t<\/div>\n\n\t\n\n\t<div id=\"col-1413195676\" class=\"col medium-8 small-12 large-8\"  >\n\t\t<div class=\"col-inner\"  >\n\t\t\t\n\t\t\t\n\n<ul>\n<li><strong>Maxibus<\/strong><\/li>\n<li><strong>MAN<\/strong><\/li>\n<li><strong>JAC<\/strong><\/li>\n<li><strong>Navistar<\/strong><\/li>\n<li><strong>Walkbus<\/strong><\/li>\n<li><strong>Agrale<\/strong><\/li>\n<li><strong>Hyundai<\/strong><\/li>\n<li>e muito mais!<\/li>\n<\/ul>\n\n\t\t<\/div>\n\t\t\t<\/div>\n\n\t\n\n<\/div>\n\n\t\t<\/div>\n\t\t\t<\/div>\n\n\t\n\n<\/div>\n<div class=\"row\"  id=\"row-847670907\">\n\n\n\t<div id=\"col-1956541152\" class=\"col small-12 large-12\"  >\n\t\t<div class=\"col-inner\"  >\n\t\t\t\n\t\t\t\n\n<h3>SEGURO PARA MOTO<\/h3>\n<p>O seguro de moto \u00e9 ideal para proteger o ve\u00edculo, principalmente porque com as motocicletas o cuidado deve ser ainda maior. E \u00e9 de senso comum o maior risco desse grupo se envolver em acidentes ou ser mais visado para roubos. Fique protegido!<\/p>\n<p>Alguns exemplos de fabricantes aceitas:<\/p>\n<div class=\"row row-small\"  id=\"row-1764785108\">\n\n\n\t<div id=\"col-1507466977\" class=\"col medium-4 small-12 large-4\"  >\n\t\t<div class=\"col-inner\"  >\n\t\t\t\n\t\t\t\n\n<ul>\n<li><strong>Honda<\/strong><\/li>\n<li><strong>Yamaha<\/strong><\/li>\n<li><strong>Suzuki<\/strong><\/li>\n<li><strong>Dafra<\/strong><\/li>\n<li><strong>Shineray<\/strong><\/li>\n<li><strong>Kawasaki<\/strong><\/li>\n<li><strong>Kasinski<\/strong><\/li>\n<\/ul>\n\n\t\t<\/div>\n\t\t\t<\/div>\n\n\t\n\n\t<div id=\"col-1602549868\" class=\"col medium-8 small-12 large-8\"  >\n\t\t<div class=\"col-inner\"  >\n\t\t\t\n\t\t\t\n\n<ul>\n<li><strong>Harley Davidson<\/strong><\/li>\n<li><strong>BMW<\/strong><\/li>\n<li><strong>Traxx<\/strong><\/li>\n<li><strong>Triumph<\/strong><\/li>\n<li><strong>Sundown<\/strong><\/li>\n<li><strong>Bashan<\/strong><\/li>\n<li>muitas outras!<\/li>\n<\/ul>\n\n\t\t<\/div>\n\t\t\t<\/div>\n\n\t\n\n<\/div>\n\n\t\t<\/div>\n\t\t\t<\/div>\n\n\t\n\n<\/div>\n<div class=\"row\"  id=\"row-887757525\">\n\n\n\t<div id=\"col-780792828\" class=\"col small-12 large-12\"  >\n\t\t<div class=\"col-inner\"  >\n\t\t\t\n\t\t\t\n\n<h3>SEGUROS DE FROTA<\/h3>\n<p>O seguro auto frota \u00e9 ideal para empresas com 3 ou mais ve\u00edculos, sejam eles de passeio, utilit\u00e1rios ou de carga. O nosso plano \u00e9 flex\u00edvel, permitindo que voc\u00ea configure as diversas coberturas e servi\u00e7os da forma que melhor atende \u00e0s suas necessidades no momento.<\/p>\n\n\t\t<\/div>\n\t\t\t<\/div>\n\n\t\n\n<\/div>\n\n\t\t<\/div>\n\t\t\t<\/div>\n\n\t\n\n\t<div id=\"col-1409814725\" class=\"col medium-5 small-12 large-5\"  >\n\t\t<div class=\"col-inner\"  >\n\t\t\t\n\t\t\t\n\n\t<div class=\"img has-hover x md-x lg-x y md-y lg-y\" id=\"image_459196793\">\n\t\t<a class=\"\" href=\"https:\/\/renovaseguros.com.br\/seguros-suhai\/contato\/\"  >\t\t\t\t\t\t<div class=\"img-inner dark\" >\n\t\t\t<img loading=\"lazy\" decoding=\"async\" width=\"480\" height=\"180\" src=\"https:\/\/renovaseguros.com.br\/seguros-suhai\/wp-content\/uploads\/2021\/09\/botao-suhai.png\" class=\"attachment-large size-large\" alt=\"\" srcset=\"https:\/\/renovaseguros.com.br\/seguros-suhai\/wp-content\/uploads\/2021\/09\/botao-suhai.png 480w, https:\/\/renovaseguros.com.br\/seguros-suhai\/wp-content\/uploads\/2021\/09\/botao-suhai-300x113.png 300w\" sizes=\"auto, (max-width: 480px) 100vw, 480px\" \/>\t\t\t\t\t\t\n\t\t\t\t\t<\/div>\n\t\t\t\t\t\t<\/a>\t\t\n<style>\n#image_459196793 {\n  width: 100%;\n}\n<\/style>\n\t<\/div>\n\t\n\n\t<div id=\"gap-701393327\" class=\"gap-element clearfix\" style=\"display:block; height:auto;\">\n\t\t\n<style>\n#gap-701393327 {\n  padding-top: 30px;\n}\n<\/style>\n\t<\/div>\n\t\n\n\t<div class=\"img has-hover x md-x lg-x y md-y lg-y\" id=\"image_1178071965\">\n\t\t<a class=\"\" href=\"https:\/\/api.whatsapp.com\/send@phone=5511946055000\" target=\"_blank\" rel=\"noopener noreferrer\" >\t\t\t\t\t\t<div class=\"img-inner dark\" >\n\t\t\t<img loading=\"lazy\" decoding=\"async\" width=\"344\" height=\"238\" src=\"https:\/\/renovaseguros.com.br\/seguros-suhai\/wp-content\/uploads\/2020\/07\/whatsapp.jpg\" class=\"attachment-large size-large\" alt=\"\" srcset=\"https:\/\/renovaseguros.com.br\/seguros-suhai\/wp-content\/uploads\/2020\/07\/whatsapp.jpg 344w, https:\/\/renovaseguros.com.br\/seguros-suhai\/wp-content\/uploads\/2020\/07\/whatsapp-300x208.jpg 300w\" sizes=\"auto, (max-width: 344px) 100vw, 344px\" \/>\t\t\t\t\t\t\n\t\t\t\t\t<\/div>\n\t\t\t\t\t\t<\/a>\t\t\n<style>\n#image_1178071965 {\n  width: 100%;\n}\n<\/style>\n\t<\/div>\n\t\n\n\t<div id=\"gap-75776875\" class=\"gap-element clearfix\" style=\"display:block; height:auto;\">\n\t\t\n<style>\n#gap-75776875 {\n  padding-top: 0px;\n}\n<\/style>\n\t<\/div>\n\t\n\n\t<section class=\"section dark\" id=\"section_715079123\">\n\t\t<div class=\"bg section-bg fill bg-fill  bg-loaded\" >\n\n\t\t\t\n\t\t\t\n\t\t\t\n\n\t\t<\/div>\n\n\t\t<div class=\"section-content relative\">\n\t\t\t\n\n<p><a href=\"tel:08001115000\"><\/p>\n<p class=\"subtitulo_bco benchnine\" style=\"text-transform: uppercase; MARGIN-BOTTOM:0PX\"><strong>CORRETOR SUHAI<\/strong> <span style=\"font-weight: 400;\">Ribeir\u00e3o Preto (SP)<\/span><strong><br \/><\/strong><span style=\"font-size: 30px;\">0800 777 0800<\/span><\/p>\n<p><\/a><\/p>\n\n\t\t<\/div>\n\n\t\t\n<style>\n#section_715079123 {\n  padding-top: 30px;\n  padding-bottom: 30px;\n  background-color: rgb(1, 181, 156);\n}\n<\/style>\n\t<\/section>\n\t\n\t<div id=\"gap-1718273210\" class=\"gap-element clearfix\" style=\"display:block; height:auto;\">\n\t\t\n<style>\n#gap-1718273210 {\n  padding-top: 12px;\n}\n<\/style>\n\t<\/div>\n\t\n\n\t<div id=\"gap-286646589\" class=\"gap-element clearfix\" style=\"display:block; height:auto;\">\n\t\t\n<style>\n#gap-286646589 {\n  padding-top: 12px;\n}\n<\/style>\n\t<\/div>\n\t\n\n\t<section class=\"section dark\" id=\"section_204040078\">\n\t\t<div class=\"bg section-bg fill bg-fill  bg-loaded\" >\n\n\t\t\t\n\t\t\t\n\t\t\t\n\n\t\t<\/div>\n\n\t\t<div class=\"section-content relative\">\n\t\t\t\n\n<p><a href=\"tel:08001115000\"><\/p>\n<p class=\"subtitulo_bco benchnine\" style=\"margin-bottom: 0px; padding-top: 0px;\"><strong>RENOVA SEGUROS<br \/><\/strong><span style=\"font-size: 30px;\">(11) 4605-5000<\/span><\/p>\n<p><\/a><\/p>\n\n\t\t<\/div>\n\n\t\t\n<style>\n#section_204040078 {\n  padding-top: 30px;\n  padding-bottom: 30px;\n  background-color: rgb(0, 138, 207);\n}\n<\/style>\n\t<\/section>\n\t\n\t<div id=\"gap-710922512\" class=\"gap-element clearfix\" style=\"display:block; height:auto;\">\n\t\t\n<style>\n#gap-710922512 {\n  padding-top: 12px;\n}\n<\/style>\n\t<\/div>\n\t\n\n\t<section class=\"section dark\" id=\"section_1227509523\">\n\t\t<div class=\"bg section-bg fill bg-fill  bg-loaded\" >\n\n\t\t\t\n\t\t\t\n\t\t\t\n\n\t\t<\/div>\n\n\t\t<div class=\"section-content relative\">\n\t\t\t\n\n<p class=\"subtitulo_bco benchnine\" style=\"margin-bottom: 0px; padding-top: 0px;\"><strong>ASSIST\u00caNCIA 24H SUHAI<br \/><\/strong><span style=\"font-size: 30px;\">0800 327 8424<\/span><\/p>\n\n\t\t<\/div>\n\n\t\t\n<style>\n#section_1227509523 {\n  padding-top: 30px;\n  padding-bottom: 30px;\n  background-color: rgb(168, 168, 168);\n}\n<\/style>\n\t<\/section>\n\t\n\t<div id=\"gap-602422154\" class=\"gap-element clearfix\" style=\"display:block; height:auto;\">\n\t\t\n<style>\n#gap-602422154 {\n  padding-top: 12px;\n}\n<\/style>\n\t<\/div>\n\t\n\n\t<section class=\"section dark\" id=\"section_1358049284\">\n\t\t<div class=\"bg section-bg fill bg-fill  bg-loaded\" >\n\n\t\t\t\n\t\t\t<div class=\"section-bg-overlay absolute fill\"><\/div>\n\t\t\t\n\n\t\t<\/div>\n\n\t\t<div class=\"section-content relative\">\n\t\t\t\n\n<p class=\"subtitulo_bco benchnine\" style=\"margin-bottom: 0px; padding-top: 0px;\"><strong>AVISO DE ROUBO E FURTO<br \/><\/strong><span style=\"font-size: 30px;\">3003-0335<\/span><\/p>\n\n\t\t<\/div>\n\n\t\t\n<style>\n#section_1358049284 {\n  padding-top: 30px;\n  padding-bottom: 30px;\n  background-color: rgb(1, 181, 156);\n}\n#section_1358049284 .section-bg-overlay {\n  background-color: rgb(168, 168, 168);\n}\n<\/style>\n\t<\/section>\n\t\n\t<div id=\"gap-282743064\" class=\"gap-element clearfix\" style=\"display:block; height:auto;\">\n\t\t\n<style>\n#gap-282743064 {\n  padding-top: 30px;\n}\n<\/style>\n\t<\/div>\n\t\n\n\n\t\t<\/div>\n\t\t\t<\/div>\n\n\t\n\n<\/div>\n","protected":false},"excerpt":{"rendered":"","protected":false},"author":0,"featured_media":0,"parent":0,"menu_order":0,"comment_status":"closed","ping_status":"closed","template":"page-blank.php","meta":{"footnotes":""},"class_list":["post-4279","page","type-page","status-publish","hentry"],"_links":{"self":[{"href":"https:\/\/renovaseguros.com.br\/seguros-suhai\/wp-json\/wp\/v2\/pages\/4279","targetHints":{"allow":["GET"]}}],"collection":[{"href":"https:\/\/renovaseguros.com.br\/seguros-suhai\/wp-json\/wp\/v2\/pages"}],"about":[{"href":"https:\/\/renovaseguros.com.br\/seguros-suhai\/wp-json\/wp\/v2\/types\/page"}],"replies":[{"embeddable":true,"href":"https:\/\/renovaseguros.com.br\/seguros-suhai\/wp-json\/wp\/v2\/comments?post=4279"}],"version-history":[{"count":0,"href":"https:\/\/renovaseguros.com.br\/seguros-suhai\/wp-json\/wp\/v2\/pages\/4279\/revisions"}],"wp:attachment":[{"href":"https:\/\/renovaseguros.com.br\/seguros-suhai\/wp-json\/wp\/v2\/media?parent=4279"}],"curies":[{"name":"wp","href":"https:\/\/api.w.org\/{rel}","templated":true}]}}