{"id":32,"date":"2020-07-27T10:27:37","date_gmt":"2020-07-27T13:27:37","guid":{"rendered":"https:\/\/renovaseguros.com.br\/seguro-rural\/?page_id=32"},"modified":"2022-08-10T11:22:09","modified_gmt":"2022-08-10T14:22:09","slug":"contato","status":"publish","type":"page","link":"https:\/\/renovaseguros.com.br\/seguro-rural\/contato\/","title":{"rendered":"Contato"},"content":{"rendered":"\t<div id=\"gap-968827754\" class=\"gap-element clearfix\" style=\"display:block; height:auto;\">\n\t\t\n<style>\n#gap-968827754 {\n  padding-top: 30px;\n}\n<\/style>\n\t<\/div>\n\t\n<div class=\"row\"  id=\"row-516013205\">\n\n\t<div id=\"col-651732040\" class=\"col small-12 large-12\"  >\n\t\t\t\t<div class=\"col-inner\"  >\n\t\t\t\n\t\t\t\n<div class=\"floatLeft marginTop50\">\n<h1 class=\"titulo_vde benchnine\">Simule seu Seguro Rural<\/h1>\n<p class=\"txt_corrido_cza benchnine-fina\">Preencha o formul\u00e1rio e fa\u00e7a a simula\u00e7\u00e3o do seu Seguro Rural.<\/p>\n<p class=\"legenda_vrm benchnine-fina\">Os campos s\u00e3o de preenchimento indispens\u00e1vel. Precisamos dessas informa\u00e7\u00f5es para simular seu seguro de forma completa.<\/p>\n<\/div>\n<script type=\"text\/javascript\">var gform;gform||(document.addEventListener(\"gform_main_scripts_loaded\",function(){gform.scriptsLoaded=!0}),window.addEventListener(\"DOMContentLoaded\",function(){gform.domLoaded=!0}),gform={domLoaded:!1,scriptsLoaded:!1,initializeOnLoaded:function(o){gform.domLoaded&&gform.scriptsLoaded?o():!gform.domLoaded&&gform.scriptsLoaded?window.addEventListener(\"DOMContentLoaded\",o):document.addEventListener(\"gform_main_scripts_loaded\",o)},hooks:{action:{},filter:{}},addAction:function(o,n,r,t){gform.addHook(\"action\",o,n,r,t)},addFilter:function(o,n,r,t){gform.addHook(\"filter\",o,n,r,t)},doAction:function(o){gform.doHook(\"action\",o,arguments)},applyFilters:function(o){return gform.doHook(\"filter\",o,arguments)},removeAction:function(o,n){gform.removeHook(\"action\",o,n)},removeFilter:function(o,n,r){gform.removeHook(\"filter\",o,n,r)},addHook:function(o,n,r,t,i){null==gform.hooks[o][n]&&(gform.hooks[o][n]=[]);var e=gform.hooks[o][n];null==i&&(i=n+\"_\"+e.length),gform.hooks[o][n].push({tag:i,callable:r,priority:t=null==t?10:t})},doHook:function(n,o,r){var t;if(r=Array.prototype.slice.call(r,1),null!=gform.hooks[n][o]&&((o=gform.hooks[n][o]).sort(function(o,n){return o.priority-n.priority}),o.forEach(function(o){\"function\"!=typeof(t=o.callable)&&(t=window[t]),\"action\"==n?t.apply(null,r):r[0]=t.apply(null,r)})),\"filter\"==n)return r[0]},removeHook:function(o,n,t,i){var r;null!=gform.hooks[o][n]&&(r=(r=gform.hooks[o][n]).filter(function(o,n,r){return!!(null!=i&&i!=o.tag||null!=t&&t!=o.priority)}),gform.hooks[o][n]=r)}});<\/script>\n                <div class='gf_browser_gecko gform_wrapper gform_legacy_markup_wrapper' id='gform_wrapper_3' ><div id='gf_3' class='gform_anchor' tabindex='-1'><\/div>\n                        <div class='gform_heading'>\n                            <h3 class=\"gform_title\">Simulador de Seguro Agro<\/h3>\n                            <span class='gform_description'>teste<\/span>\n                        <\/div><form method='post' enctype='multipart\/form-data' target='gform_ajax_frame_3' id='gform_3'  action='\/seguro-rural\/wp-json\/wp\/v2\/pages\/32#gf_3' >\n                        <div class='gform_body gform-body'><ul id='gform_fields_3' class='gform_fields top_label form_sublabel_below description_below'><li id=\"field_3_1\"  class=\"gfield gfield_contains_required field_sublabel_below field_description_below gfield_visibility_visible\"  data-js-reload=\"field_3_1\"><label class='gfield_label' for='input_3_1' >Nome<span class=\"gfield_required\"><span class=\"gfield_required gfield_required_asterisk\">*<\/span><\/span><\/label><div class='ginput_container ginput_container_text'><input name='input_1' id='input_3_1' type='text' value='' class='large'    placeholder='Nome' aria-required=\"true\" aria-invalid=\"false\"   \/> <\/div><\/li><li id=\"field_3_3\"  class=\"gfield gfield_contains_required field_sublabel_below field_description_below gfield_visibility_visible\"  data-js-reload=\"field_3_3\"><label class='gfield_label' for='input_3_3' >E-mail<span class=\"gfield_required\"><span class=\"gfield_required gfield_required_asterisk\">*<\/span><\/span><\/label><div class='ginput_container ginput_container_email'>\n                            <input name='input_3' id='input_3_3' type='text' value='' class='large'   placeholder='E-mail' aria-required=\"true\" aria-invalid=\"false\"  \/>\n                        <\/div><\/li><li id=\"field_3_38\"  class=\"gfield gfield_contains_required field_sublabel_below field_description_below gfield_visibility_visible\"  data-js-reload=\"field_3_38\"><label class='gfield_label' for='input_3_38' >Telefone<span class=\"gfield_required\"><span class=\"gfield_required gfield_required_asterisk\">*<\/span><\/span><\/label><div class='ginput_container ginput_container_text'><input name='input_38' id='input_3_38' type='text' value='' class='large'    placeholder='Telefone' aria-required=\"true\" aria-invalid=\"false\"   \/> <\/div><\/li><li id=\"field_3_30\"  class=\"gfield gfield_contains_required field_sublabel_below field_description_below gfield_visibility_visible\"  data-js-reload=\"field_3_30\"><label class='gfield_label' for='input_3_30' >Seguro que deseja cotar<span class=\"gfield_required\"><span class=\"gfield_required gfield_required_asterisk\">*<\/span><\/span><\/label><div class='ginput_container ginput_container_select'><select name='input_30' id='input_3_30' class='large gfield_select'    aria-required=\"true\" aria-invalid=\"false\" ><option value='' selected='selected' class='gf_placeholder'>Seguro que deseja cotar<\/option><option value='Seguro Agro' >Seguro Agro<\/option><option value='Seguro para Equipamentos\/M\u00e1quinas' >Seguro para Equipamentos\/M\u00e1quinas<\/option><option value='Seguro para Equinos' >Seguro para Equinos<\/option><option value='Seguro para Caprinos' >Seguro para Caprinos<\/option><option value='Seguro para Ovinos' >Seguro para Ovinos<\/option><option value='Seguro para Rebanhos' >Seguro para Rebanhos<\/option><option value='Outros' >Outros<\/option><\/select><\/div><\/li><li id=\"field_3_39\"  class=\"gfield gfield--width-full gfield_contains_required field_sublabel_below field_description_below gfield_visibility_visible\"  data-js-reload=\"field_3_39\"><label class='gfield_label' for='input_3_39' >Cidade<span class=\"gfield_required\"><span class=\"gfield_required gfield_required_asterisk\">*<\/span><\/span><\/label><div class='ginput_container ginput_container_text'><input name='input_39' id='input_3_39' type='text' value='' class='large'    placeholder='Cidade' aria-required=\"true\" aria-invalid=\"false\"   \/> <\/div><\/li><li id=\"field_3_40\"  class=\"gfield gfield--width-full gfield_contains_required field_sublabel_below field_description_below gfield_visibility_visible\"  data-js-reload=\"field_3_40\"><label class='gfield_label' for='input_3_40' >Estado<span class=\"gfield_required\"><span class=\"gfield_required gfield_required_asterisk\">*<\/span><\/span><\/label><div class='ginput_container ginput_container_select'><select name='input_40' id='input_3_40' class='large gfield_select'    aria-required=\"true\" aria-invalid=\"false\" ><option value='' selected='selected' class='gf_placeholder'>Estado<\/option><option value='Acre (AC)' >Acre (AC)<\/option><option value='Alagoas (AL)' >Alagoas (AL)<\/option><option value='Amap\u00e1 (AP)' >Amap\u00e1 (AP)<\/option><option value='Amazonas (AM)' >Amazonas (AM)<\/option><option value='Bahia (BA)' >Bahia (BA)<\/option><option value='Cear\u00e1 (CE)' >Cear\u00e1 (CE)<\/option><option value='Distrito Federal (DF)' >Distrito Federal (DF)<\/option><option value='Esp\u00edrito Santo (ES)' >Esp\u00edrito Santo (ES)<\/option><option value='Goi\u00e1s (GO)' >Goi\u00e1s (GO)<\/option><option value='Maranh\u00e3o (MA)' >Maranh\u00e3o (MA)<\/option><option value='Mato Grosso (MT)' >Mato Grosso (MT)<\/option><option value='Mato Grosso do Sul (MS)' >Mato Grosso do Sul (MS)<\/option><option value='Minas Gerais (MG)' >Minas Gerais (MG)<\/option><option value='Par\u00e1 (PA)' >Par\u00e1 (PA)<\/option><option value='Para\u00edba (PB)' >Para\u00edba (PB)<\/option><option value='Paran\u00e1 (PR)' >Paran\u00e1 (PR)<\/option><option value='Pernambuco (PE)' >Pernambuco (PE)<\/option><option value='Piau\u00ed (PI)' >Piau\u00ed (PI)<\/option><option value='Rio de Janeiro (RJ)' >Rio de Janeiro (RJ)<\/option><option value='Rio Grande do Norte (RN)' >Rio Grande do Norte (RN)<\/option><option value='Rio Grande do Sul (RS)' >Rio Grande do Sul (RS)<\/option><option value='Rond\u00f4nia (RO)' >Rond\u00f4nia (RO)<\/option><option value='Roraima (RR)' >Roraima (RR)<\/option><option value='Santa Catarina (SC)' >Santa Catarina (SC)<\/option><option value='S\u00e3o Paulo (SP)' >S\u00e3o Paulo (SP)<\/option><option value='Sergipe (SE)' >Sergipe (SE)<\/option><option value='Tocantins (TO)' >Tocantins (TO)<\/option><\/select><\/div><\/li><\/ul><\/div>\n        <div class='gform_footer top_label'> <input type='submit' id='gform_submit_button_3' class='gform_button button' value='SIMULAR'  onclick='if(window[\"gf_submitting_3\"]){return false;}  window[\"gf_submitting_3\"]=true;  ' onkeypress='if( event.keyCode == 13 ){ if(window[\"gf_submitting_3\"]){return false;} window[\"gf_submitting_3\"]=true;  jQuery(\"#gform_3\").trigger(\"submit\",[true]); }' \/> <input type='hidden' name='gform_ajax' value='form_id=3&amp;title=1&amp;description=1&amp;tabindex=0' \/>\n            <input type='hidden' class='gform_hidden' name='is_submit_3' value='1' \/>\n            <input type='hidden' class='gform_hidden' name='gform_submit' value='3' \/>\n            \n            <input type='hidden' class='gform_hidden' name='gform_unique_id' value='' \/>\n            <input type='hidden' class='gform_hidden' name='state_3' value='WyJbXSIsImYwYmQzOTJkOTlhZjk1NzQyODU0YWEwYjY4ZGQzNzYzIl0=' \/>\n            <input type='hidden' class='gform_hidden' name='gform_target_page_number_3' id='gform_target_page_number_3' value='0' \/>\n            <input type='hidden' class='gform_hidden' name='gform_source_page_number_3' id='gform_source_page_number_3' value='1' \/>\n            <input type='hidden' name='gform_field_values' value='' \/>\n            \n        <\/div>\n                        <\/form>\n                        <\/div>\n                <iframe style='display:none;width:0px;height:0px;' src='about:blank' name='gform_ajax_frame_3' id='gform_ajax_frame_3' title='Este iframe cont\u00e9m a l\u00f3gica necess\u00e1ria para manusear os formul\u00e1rios Gravity Forms movidos a AJAX.'><\/iframe>\n                <script type=\"text\/javascript\">\n\/* <![CDATA[ *\/\n gform.initializeOnLoaded( function() {gformInitSpinner( 3, 'https:\/\/renovaseguros.com.br\/seguro-rural\/wp-content\/plugins\/gravityforms\/images\/spinner.svg' );jQuery('#gform_ajax_frame_3').on('load',function(){var contents = jQuery(this).contents().find('*').html();var is_postback = contents.indexOf('GF_AJAX_POSTBACK') >= 0;if(!is_postback){return;}var form_content = jQuery(this).contents().find('#gform_wrapper_3');var is_confirmation = jQuery(this).contents().find('#gform_confirmation_wrapper_3').length > 0;var is_redirect = contents.indexOf('gformRedirect(){') >= 0;var is_form = form_content.length > 0 && ! is_redirect && ! is_confirmation;var mt = parseInt(jQuery('html').css('margin-top'), 10) + parseInt(jQuery('body').css('margin-top'), 10) + 100;if(is_form){jQuery('#gform_wrapper_3').html(form_content.html());if(form_content.hasClass('gform_validation_error')){jQuery('#gform_wrapper_3').addClass('gform_validation_error');} else {jQuery('#gform_wrapper_3').removeClass('gform_validation_error');}setTimeout( function() { \/* delay the scroll by 50 milliseconds to fix a bug in chrome *\/ jQuery(document).scrollTop(jQuery('#gform_wrapper_3').offset().top - mt); }, 50 );if(window['gformInitDatepicker']) {gformInitDatepicker();}if(window['gformInitPriceFields']) {gformInitPriceFields();}var current_page = jQuery('#gform_source_page_number_3').val();gformInitSpinner( 3, 'https:\/\/renovaseguros.com.br\/seguro-rural\/wp-content\/plugins\/gravityforms\/images\/spinner.svg' );jQuery(document).trigger('gform_page_loaded', [3, current_page]);window['gf_submitting_3'] = false;}else if(!is_redirect){var confirmation_content = jQuery(this).contents().find('.GF_AJAX_POSTBACK').html();if(!confirmation_content){confirmation_content = contents;}setTimeout(function(){jQuery('#gform_wrapper_3').replaceWith(confirmation_content);jQuery(document).scrollTop(jQuery('#gf_3').offset().top - mt);jQuery(document).trigger('gform_confirmation_loaded', [3]);window['gf_submitting_3'] = false;wp.a11y.speak(jQuery('#gform_confirmation_message_3').text());}, 50);}else{jQuery('#gform_3').append(contents);if(window['gformRedirect']) {gformRedirect();}}jQuery(document).trigger('gform_post_render', [3, current_page]);} );} ); \n\/* ]]> *\/\n<\/script>\n\n\t\t<\/div>\n\t\t\t\t\t<\/div>\n\n\t\n<\/div>\n","protected":false},"excerpt":{"rendered":"","protected":false},"author":1,"featured_media":0,"parent":0,"menu_order":0,"comment_status":"closed","ping_status":"closed","template":"page-blank.php","meta":{"footnotes":""},"class_list":["post-32","page","type-page","status-publish","hentry"],"_links":{"self":[{"href":"https:\/\/renovaseguros.com.br\/seguro-rural\/wp-json\/wp\/v2\/pages\/32","targetHints":{"allow":["GET"]}}],"collection":[{"href":"https:\/\/renovaseguros.com.br\/seguro-rural\/wp-json\/wp\/v2\/pages"}],"about":[{"href":"https:\/\/renovaseguros.com.br\/seguro-rural\/wp-json\/wp\/v2\/types\/page"}],"author":[{"embeddable":true,"href":"https:\/\/renovaseguros.com.br\/seguro-rural\/wp-json\/wp\/v2\/users\/1"}],"replies":[{"embeddable":true,"href":"https:\/\/renovaseguros.com.br\/seguro-rural\/wp-json\/wp\/v2\/comments?post=32"}],"version-history":[{"count":8,"href":"https:\/\/renovaseguros.com.br\/seguro-rural\/wp-json\/wp\/v2\/pages\/32\/revisions"}],"predecessor-version":[{"id":54898,"href":"https:\/\/renovaseguros.com.br\/seguro-rural\/wp-json\/wp\/v2\/pages\/32\/revisions\/54898"}],"wp:attachment":[{"href":"https:\/\/renovaseguros.com.br\/seguro-rural\/wp-json\/wp\/v2\/media?parent=32"}],"curies":[{"name":"wp","href":"https:\/\/api.w.org\/{rel}","templated":true}]}}